{"id":18,"date":"2024-07-03T17:52:26","date_gmt":"2024-07-03T17:52:26","guid":{"rendered":"https:\/\/kirvit.com\/vf\/?page_id=18"},"modified":"2025-01-21T17:27:17","modified_gmt":"2025-01-21T17:27:17","slug":"seguridad-vial","status":"publish","type":"page","link":"https:\/\/kirvit.com\/vf\/seguridad-vial\/","title":{"rendered":"Seguridad Vial"},"content":{"rendered":"\t\t<div data-elementor-type=\"wp-page\" data-elementor-id=\"18\" class=\"elementor elementor-18\" data-elementor-post-type=\"page\">\n\t\t\t\t<div class=\"elementor-element elementor-element-7980139c e-flex e-con-boxed e-con e-parent\" data-id=\"7980139c\" data-element_type=\"container\">\n\t\t\t\t\t<div class=\"e-con-inner\">\n\t\t\t\t<div class=\"elementor-element elementor-element-25ac38ff elementor-flip-box--effect-push elementor-flip-box--direction-up elementor-widget elementor-widget-flip-box\" data-id=\"25ac38ff\" data-element_type=\"widget\" data-widget_type=\"flip-box.default\">\n\t\t\t\t<div class=\"elementor-widget-container\">\n\t\t\t\t\t\t\t<div class=\"elementor-flip-box\" tabindex=\"0\">\n\t\t\t<div class=\"elementor-flip-box__layer elementor-flip-box__front\">\n\t\t\t\t<div class=\"elementor-flip-box__layer__overlay\">\n\t\t\t\t\t<div class=\"elementor-flip-box__layer__inner\">\n\t\t\t\t\t\t\t\t\t\t\t\t\t<div class=\"elementor-icon-wrapper elementor-view-default\">\n\t\t\t\t\t\t\t\t<div class=\"elementor-icon\">\n\t\t\t\t\t\t\t\t\t<svg class=\"e-font-icon-svg e-fab-expeditedssl\" viewBox=\"0 0 496 512\" xmlns=\"http:\/\/www.w3.org\/2000\/svg\"><path d=\"M248 43.4C130.6 43.4 35.4 138.6 35.4 256S130.6 468.6 248 468.6 460.6 373.4 460.6 256 365.4 43.4 248 43.4zm-97.4 132.9c0-53.7 43.7-97.4 97.4-97.4s97.4 43.7 97.4 97.4v26.6c0 5-3.9 8.9-8.9 8.9h-17.7c-5 0-8.9-3.9-8.9-8.9v-26.6c0-82.1-124-82.1-124 0v26.6c0 5-3.9 8.9-8.9 8.9h-17.7c-5 0-8.9-3.9-8.9-8.9v-26.6zM389.7 380c0 9.7-8 17.7-17.7 17.7H124c-9.7 0-17.7-8-17.7-17.7V238.3c0-9.7 8-17.7 17.7-17.7h248c9.7 0 17.7 8 17.7 17.7V380zm-248-137.3v132.9c0 2.5-1.9 4.4-4.4 4.4h-8.9c-2.5 0-4.4-1.9-4.4-4.4V242.7c0-2.5 1.9-4.4 4.4-4.4h8.9c2.5 0 4.4 1.9 4.4 4.4zm141.7 48.7c0 13-7.2 24.4-17.7 30.4v31.6c0 5-3.9 8.9-8.9 8.9h-17.7c-5 0-8.9-3.9-8.9-8.9v-31.6c-10.5-6.1-17.7-17.4-17.7-30.4 0-19.7 15.8-35.4 35.4-35.4s35.5 15.8 35.5 35.4zM248 8C111 8 0 119 0 256s111 248 248 248 248-111 248-248S385 8 248 8zm0 478.3C121 486.3 17.7 383 17.7 256S121 25.7 248 25.7 478.3 129 478.3 256 375 486.3 248 486.3z\"><\/path><\/svg>\t\t\t\t\t\t\t\t<\/div>\n\t\t\t\t\t\t\t<\/div>\n\t\t\t\t\t\t\n\t\t\t\t\t\t\t\t\t\t\t\t\t<h3 class=\"elementor-flip-box__layer__title\">\n\t\t\t\t\t\t\t\tSEGURIDAD VIAL\t\t\t\t\t\t\t<\/h3>\n\t\t\t\t\t\t\n\t\t\t\t\t\t\t\t\t\t\t\t\t<div class=\"elementor-flip-box__layer__description\">\n\t\t\t\t\t\t\t\tSimulaci\u00f3n realista, conducci\u00f3n segura\t\t\t\t\t\t\t<\/div>\n\t\t\t\t\t\t\t\t\t\t\t<\/div>\n\t\t\t\t<\/div>\n\t\t\t<\/div>\n\t\t\t<div class=\"elementor-flip-box__layer elementor-flip-box__back\">\n\t\t\t<div class=\"elementor-flip-box__layer__overlay\">\n\t\t\t\t<div class=\"elementor-flip-box__layer__inner\">\n\t\t\t\t\t\t\t\t\t\t\t<h3 class=\"elementor-flip-box__layer__title\">\n\t\t\t\t\t\t\tCONOCE NUESTROS DESARROLLOS\t\t\t\t\t\t<\/h3>\n\t\t\t\t\t\n\t\t\t\t\t\n\t\t\t\t\t\t\t\t<\/div>\n\t\t<\/div>\n\t\t<\/div>\n\t\t<\/div>\n\t\t\t\t\t\t<\/div>\n\t\t\t\t<\/div>\n\t\t\t\t\t<\/div>\n\t\t\t\t<\/div>\n\t\t<div class=\"elementor-element elementor-element-5be55195 e-flex e-con-boxed e-con e-parent\" data-id=\"5be55195\" data-element_type=\"container\">\n\t\t\t\t\t<div class=\"e-con-inner\">\n\t\t\t\t<div class=\"elementor-element elementor-element-213554af elementor-widget elementor-widget-spacer\" data-id=\"213554af\" data-element_type=\"widget\" data-widget_type=\"spacer.default\">\n\t\t\t\t<div class=\"elementor-widget-container\">\n\t\t\t\t\t\t\t<div class=\"elementor-spacer\">\n\t\t\t<div class=\"elementor-spacer-inner\"><\/div>\n\t\t<\/div>\n\t\t\t\t\t\t<\/div>\n\t\t\t\t<\/div>\n\t\t\t\t<div class=\"elementor-element elementor-element-6b654fd3 elementor--h-position-center elementor--v-position-middle elementor-arrows-position-inside elementor-pagination-position-inside elementor-widget elementor-widget-slides\" data-id=\"6b654fd3\" data-element_type=\"widget\" data-settings=\"{&quot;navigation&quot;:&quot;both&quot;,&quot;autoplay&quot;:&quot;yes&quot;,&quot;pause_on_hover&quot;:&quot;yes&quot;,&quot;pause_on_interaction&quot;:&quot;yes&quot;,&quot;autoplay_speed&quot;:5000,&quot;infinite&quot;:&quot;yes&quot;,&quot;transition&quot;:&quot;slide&quot;,&quot;transition_speed&quot;:500}\" data-widget_type=\"slides.default\">\n\t\t\t\t<div class=\"elementor-widget-container\">\n\t\t\t\t\t\t\t\t\t<div class=\"elementor-swiper\">\n\t\t\t\t\t<div class=\"elementor-slides-wrapper elementor-main-swiper swiper\" role=\"region\" aria-roledescription=\"carousel\" aria-label=\"Diapositivas\" dir=\"ltr\" data-animation=\"fadeInUp\">\n\t\t\t\t<div class=\"swiper-wrapper elementor-slides\">\n\t\t\t\t\t\t\t\t\t\t<div class=\"elementor-repeater-item-6459a67 swiper-slide\" role=\"group\" aria-roledescription=\"slide\"><div class=\"swiper-slide-bg\" role=\"img\"><\/div><div class=\"swiper-slide-inner\" ><div class=\"swiper-slide-contents\"><\/div><\/div><\/div><div class=\"elementor-repeater-item-8dc58d5 swiper-slide\" role=\"group\" aria-roledescription=\"slide\"><div class=\"swiper-slide-bg\" role=\"img\"><\/div><div class=\"swiper-slide-inner\" ><div class=\"swiper-slide-contents\"><\/div><\/div><\/div><div class=\"elementor-repeater-item-d648e56 swiper-slide\" role=\"group\" aria-roledescription=\"slide\"><div class=\"swiper-slide-bg\" role=\"img\"><\/div><div class=\"swiper-slide-inner\" ><div class=\"swiper-slide-contents\"><\/div><\/div><\/div>\t\t\t\t<\/div>\n\t\t\t\t\t\t\t\t\t\t\t\t\t\t\t<div class=\"elementor-swiper-button elementor-swiper-button-prev\" role=\"button\" tabindex=\"0\" aria-label=\"Diapositiva anterior\">\n\t\t\t\t\t\t\t<svg aria-hidden=\"true\" class=\"e-font-icon-svg e-eicon-chevron-left\" viewBox=\"0 0 1000 1000\" xmlns=\"http:\/\/www.w3.org\/2000\/svg\"><path d=\"M646 125C629 125 613 133 604 142L308 442C296 454 292 471 292 487 292 504 296 521 308 533L604 854C617 867 629 875 646 875 663 875 679 871 692 858 704 846 713 829 713 812 713 796 708 779 692 767L438 487 692 225C700 217 708 204 708 187 708 171 704 154 692 142 675 129 663 125 646 125Z\"><\/path><\/svg>\t\t\t\t\t\t<\/div>\n\t\t\t\t\t\t<div class=\"elementor-swiper-button elementor-swiper-button-next\" role=\"button\" tabindex=\"0\" aria-label=\"Diapositiva siguiente\">\n\t\t\t\t\t\t\t<svg aria-hidden=\"true\" class=\"e-font-icon-svg e-eicon-chevron-right\" viewBox=\"0 0 1000 1000\" xmlns=\"http:\/\/www.w3.org\/2000\/svg\"><path d=\"M696 533C708 521 713 504 713 487 713 471 708 454 696 446L400 146C388 133 375 125 354 125 338 125 325 129 313 142 300 154 292 171 292 187 292 204 296 221 308 233L563 492 304 771C292 783 288 800 288 817 288 833 296 850 308 863 321 871 338 875 354 875 371 875 388 867 400 854L696 533Z\"><\/path><\/svg>\t\t\t\t\t\t<\/div>\n\t\t\t\t\t\t\t\t\t\t\t\t\t\t\t\t<div class=\"swiper-pagination\"><\/div>\n\t\t\t\t\t\t\t\t\t\t\t\t<\/div>\n\t\t\t\t<\/div>\n\t\t\t\t\t\t\t\t<\/div>\n\t\t\t\t<\/div>\n\t\t\t\t<div class=\"elementor-element elementor-element-d759396 elementor-widget elementor-widget-spacer\" data-id=\"d759396\" data-element_type=\"widget\" data-widget_type=\"spacer.default\">\n\t\t\t\t<div class=\"elementor-widget-container\">\n\t\t\t\t\t\t\t<div class=\"elementor-spacer\">\n\t\t\t<div class=\"elementor-spacer-inner\"><\/div>\n\t\t<\/div>\n\t\t\t\t\t\t<\/div>\n\t\t\t\t<\/div>\n\t\t\t\t<div class=\"elementor-element elementor-element-6b5867a3 elementor-headline--style-highlight elementor-widget elementor-widget-animated-headline\" data-id=\"6b5867a3\" data-element_type=\"widget\" data-settings=\"{&quot;marker&quot;:&quot;underline&quot;,&quot;highlighted_text&quot;:&quot;SIMULACI\\u00d3N&quot;,&quot;headline_style&quot;:&quot;highlight&quot;,&quot;loop&quot;:&quot;yes&quot;,&quot;highlight_animation_duration&quot;:1200,&quot;highlight_iteration_delay&quot;:8000}\" data-widget_type=\"animated-headline.default\">\n\t\t\t\t<div class=\"elementor-widget-container\">\n\t\t\t\t\t\t\t\t<a href=\"https:\/\/kirvit.com\/vf\/index.php\/dispositivos-de-simulacion\/\">\n\n\t\t\t\t\t<h3 class=\"elementor-headline\">\n\t\t\t\t\t<span class=\"elementor-headline-plain-text elementor-headline-text-wrapper\">Conoce Nuestros Dispositivos de<\/span>\n\t\t\t\t<span class=\"elementor-headline-dynamic-wrapper elementor-headline-text-wrapper\">\n\t\t\t\t\t<span class=\"elementor-headline-dynamic-text elementor-headline-text-active\">SIMULACI\u00d3N<\/span>\n\t\t\t\t<\/span>\n\t\t\t\t<\/h3>\n\t\t<\/a>\t\t\t\t<\/div>\n\t\t\t\t<\/div>\n\t\t\t\t<div class=\"elementor-element elementor-element-334a3b8 elementor-widget elementor-widget-spacer\" data-id=\"334a3b8\" data-element_type=\"widget\" data-widget_type=\"spacer.default\">\n\t\t\t\t<div class=\"elementor-widget-container\">\n\t\t\t\t\t\t\t<div class=\"elementor-spacer\">\n\t\t\t<div class=\"elementor-spacer-inner\"><\/div>\n\t\t<\/div>\n\t\t\t\t\t\t<\/div>\n\t\t\t\t<\/div>\n\t\t\t\t<div class=\"elementor-element elementor-element-42840f25 elementor-widget elementor-widget-video\" data-id=\"42840f25\" data-element_type=\"widget\" data-settings=\"{&quot;start&quot;:2,&quot;autoplay&quot;:&quot;yes&quot;,&quot;play_on_mobile&quot;:&quot;yes&quot;,&quot;mute&quot;:&quot;yes&quot;,&quot;video_type&quot;:&quot;hosted&quot;,&quot;controls&quot;:&quot;yes&quot;}\" data-widget_type=\"video.default\">\n\t\t\t\t<div class=\"elementor-widget-container\">\n\t\t\t\t\t\t\t<div class=\"e-hosted-video elementor-wrapper elementor-open-inline\">\n\t\t\t\t\t<video class=\"elementor-video\" src=\"https:\/\/kirvit.com\/vf\/wp-content\/uploads\/2024\/07\/1.-Simuladores_Kirvit.mp4#t=2\" autoplay=\"\" controls=\"\" muted=\"muted\" playsinline=\"\" controlsList=\"nodownload\"><\/video>\n\t\t\t\t<\/div>\n\t\t\t\t\t\t<\/div>\n\t\t\t\t<\/div>\n\t\t\t\t<div class=\"elementor-element elementor-element-5f103057 elementor-widget elementor-widget-spacer\" data-id=\"5f103057\" data-element_type=\"widget\" data-widget_type=\"spacer.default\">\n\t\t\t\t<div class=\"elementor-widget-container\">\n\t\t\t\t\t\t\t<div class=\"elementor-spacer\">\n\t\t\t<div class=\"elementor-spacer-inner\"><\/div>\n\t\t<\/div>\n\t\t\t\t\t\t<\/div>\n\t\t\t\t<\/div>\n\t\t\t\t\t<\/div>\n\t\t\t\t<\/div>\n\t\t<div class=\"elementor-element elementor-element-56b6db31 e-flex e-con-boxed e-con e-parent\" data-id=\"56b6db31\" data-element_type=\"container\">\n\t\t\t\t\t<div class=\"e-con-inner\">\n\t\t\t\t<div class=\"elementor-element elementor-element-8bbd7da elementor-widget elementor-widget-heading\" data-id=\"8bbd7da\" data-element_type=\"widget\" data-widget_type=\"heading.default\">\n\t\t\t\t<div class=\"elementor-widget-container\">\n\t\t\t\t\t<h2 class=\"elementor-heading-title elementor-size-default\">Beneficios de Utilizar Nuestros Simuladores<\/h2>\t\t\t\t<\/div>\n\t\t\t\t<\/div>\n\t\t<div class=\"elementor-element elementor-element-2c4955ef e-flex e-con-boxed e-con e-child\" data-id=\"2c4955ef\" data-element_type=\"container\">\n\t\t\t\t\t<div class=\"e-con-inner\">\n\t\t<div class=\"elementor-element elementor-element-7503a1f5 e-con-full e-flex e-con e-child\" data-id=\"7503a1f5\" data-element_type=\"container\">\n\t\t\t\t<div class=\"elementor-element elementor-element-22a33caa elementor-position-top elementor-widget elementor-widget-image-box\" data-id=\"22a33caa\" data-element_type=\"widget\" data-widget_type=\"image-box.default\">\n\t\t\t\t<div class=\"elementor-widget-container\">\n\t\t\t\t\t<div class=\"elementor-image-box-wrapper\"><figure class=\"elementor-image-box-img\"><a href=\"https:\/\/kirvit.com\/vf\/motocicleta\/\" tabindex=\"-1\"><img fetchpriority=\"high\" decoding=\"async\" width=\"2560\" height=\"1707\" src=\"https:\/\/kirvit.com\/vf\/wp-content\/uploads\/2024\/07\/Moto1-scaled.jpg\" class=\"attachment-full size-full wp-image-372\" alt=\"\" srcset=\"https:\/\/kirvit.com\/vf\/wp-content\/uploads\/2024\/07\/Moto1-scaled.jpg 2560w, https:\/\/kirvit.com\/vf\/wp-content\/uploads\/2024\/07\/Moto1-300x200.jpg 300w, https:\/\/kirvit.com\/vf\/wp-content\/uploads\/2024\/07\/Moto1-1024x683.jpg 1024w, https:\/\/kirvit.com\/vf\/wp-content\/uploads\/2024\/07\/Moto1-768x512.jpg 768w, https:\/\/kirvit.com\/vf\/wp-content\/uploads\/2024\/07\/Moto1-1536x1024.jpg 1536w, https:\/\/kirvit.com\/vf\/wp-content\/uploads\/2024\/07\/Moto1-2048x1365.jpg 2048w\" sizes=\"(max-width: 2560px) 100vw, 2560px\" \/><\/a><\/figure><div class=\"elementor-image-box-content\"><h3 class=\"elementor-image-box-title\"><a href=\"https:\/\/kirvit.com\/vf\/motocicleta\/\">SIMULADOR DE MOTOCICLETA<\/a><\/h3><p class=\"elementor-image-box-description\">Se basan en motocicletas reales que mediante sistemas electr\u00f3nicos y de movimiento se integran con programas especializados de simulaci\u00f3n para recrear con gran fidelidad el comportamiento de la moto en diferentes espacios y condiciones de operaci\u00f3n.<\/p><\/div><\/div>\t\t\t\t<\/div>\n\t\t\t\t<\/div>\n\t\t\t\t<\/div>\n\t\t<div class=\"elementor-element elementor-element-79d12435 e-con-full e-flex e-con e-child\" data-id=\"79d12435\" data-element_type=\"container\">\n\t\t\t\t<div class=\"elementor-element elementor-element-28af1840 elementor-position-top elementor-widget elementor-widget-image-box\" data-id=\"28af1840\" data-element_type=\"widget\" data-widget_type=\"image-box.default\">\n\t\t\t\t<div class=\"elementor-widget-container\">\n\t\t\t\t\t<div class=\"elementor-image-box-wrapper\"><figure class=\"elementor-image-box-img\"><a href=\"https:\/\/kirvit.com\/vf\/bicicleta\/\" tabindex=\"-1\"><img decoding=\"async\" src=\"https:\/\/kirvit.com\/vf\/wp-content\/uploads\/elementor\/thumbs\/DSC_7996-scaled-qrkdc6giyueuncjnlv0516pjxjyph8tkuemsr46xog.jpg\" title=\"DSC_7996\" alt=\"DSC_7996\" loading=\"lazy\" \/><\/a><\/figure><div class=\"elementor-image-box-content\"><h3 class=\"elementor-image-box-title\"><a href=\"https:\/\/kirvit.com\/vf\/bicicleta\/\">SIMULADOR DE BICICLETA<\/a><\/h3><p class=\"elementor-image-box-description\">Dispositivo l\u00fadico pedag\u00f3gico, desarrollado para ense\u00f1ar a los ciclistas a usar con responsabilidad las v\u00edas p\u00fablicas, como estrategia para ayudar a la reducci\u00f3n de la accidentalidad vial. <\/p><\/div><\/div>\t\t\t\t<\/div>\n\t\t\t\t<\/div>\n\t\t\t\t<\/div>\n\t\t<div class=\"elementor-element elementor-element-7100f8ff e-con-full e-flex e-con e-child\" data-id=\"7100f8ff\" data-element_type=\"container\">\n\t\t\t\t<div class=\"elementor-element elementor-element-2024fd38 elementor-position-top elementor-widget elementor-widget-image-box\" data-id=\"2024fd38\" data-element_type=\"widget\" data-widget_type=\"image-box.default\">\n\t\t\t\t<div class=\"elementor-widget-container\">\n\t\t\t\t\t<div class=\"elementor-image-box-wrapper\"><figure class=\"elementor-image-box-img\"><a href=\"https:\/\/kirvit.com\/vf\/vehiculos-pesados\/\" tabindex=\"-1\"><img decoding=\"async\" width=\"2560\" height=\"1707\" src=\"https:\/\/kirvit.com\/vf\/wp-content\/uploads\/2024\/07\/DSC_8083-scaled.jpg\" class=\"attachment-full size-full wp-image-493\" alt=\"\" srcset=\"https:\/\/kirvit.com\/vf\/wp-content\/uploads\/2024\/07\/DSC_8083-scaled.jpg 2560w, https:\/\/kirvit.com\/vf\/wp-content\/uploads\/2024\/07\/DSC_8083-300x200.jpg 300w, https:\/\/kirvit.com\/vf\/wp-content\/uploads\/2024\/07\/DSC_8083-1024x683.jpg 1024w, https:\/\/kirvit.com\/vf\/wp-content\/uploads\/2024\/07\/DSC_8083-768x512.jpg 768w, https:\/\/kirvit.com\/vf\/wp-content\/uploads\/2024\/07\/DSC_8083-1536x1024.jpg 1536w, https:\/\/kirvit.com\/vf\/wp-content\/uploads\/2024\/07\/DSC_8083-2048x1365.jpg 2048w\" sizes=\"(max-width: 2560px) 100vw, 2560px\" \/><\/a><\/figure><div class=\"elementor-image-box-content\"><h3 class=\"elementor-image-box-title\"><a href=\"https:\/\/kirvit.com\/vf\/vehiculos-pesados\/\">SIMULADOR DE VEH\u00cdCULOS<\/a><\/h3><p class=\"elementor-image-box-description\">Son sistemas de alta tecnolog\u00eda desarrollados por KIRVIT para apoyar los procesos de sensibilizaci\u00f3n, formaci\u00f3n y evaluaci\u00f3n de conductores; orientados a mejorar sus t\u00e9cnicas de conducci\u00f3n<\/p><\/div><\/div>\t\t\t\t<\/div>\n\t\t\t\t<\/div>\n\t\t\t\t<\/div>\n\t\t\t\t\t<\/div>\n\t\t\t\t<\/div>\n\t\t\t\t\t<\/div>\n\t\t\t\t<\/div>\n\t\t\t\t<\/div>\n\t\t","protected":false},"excerpt":{"rendered":"<p>SEGURIDAD VIAL Simulaci\u00f3n realista, conducci\u00f3n segura CONOCE NUESTROS DESARROLLOS Conoce Nuestros Dispositivos de SIMULACI\u00d3N https:\/\/kirvit.com\/vf\/wp-content\/uploads\/2024\/07\/1.-Simuladores_Kirvit.mp4#t=2 Beneficios de Utilizar Nuestros Simuladores SIMULADOR DE MOTOCICLETA Se basan en motocicletas reales que mediante sistemas electr\u00f3nicos y de movimiento se integran con programas especializados de simulaci\u00f3n para recrear con gran fidelidad el comportamiento de la moto en diferentes espacios [&hellip;]<\/p>\n","protected":false},"author":1,"featured_media":0,"parent":0,"menu_order":0,"comment_status":"closed","ping_status":"closed","template":"","meta":{"footnotes":""},"class_list":["post-18","page","type-page","status-publish","hentry"],"_links":{"self":[{"href":"https:\/\/kirvit.com\/vf\/wp-json\/wp\/v2\/pages\/18","targetHints":{"allow":["GET"]}}],"collection":[{"href":"https:\/\/kirvit.com\/vf\/wp-json\/wp\/v2\/pages"}],"about":[{"href":"https:\/\/kirvit.com\/vf\/wp-json\/wp\/v2\/types\/page"}],"author":[{"embeddable":true,"href":"https:\/\/kirvit.com\/vf\/wp-json\/wp\/v2\/users\/1"}],"replies":[{"embeddable":true,"href":"https:\/\/kirvit.com\/vf\/wp-json\/wp\/v2\/comments?post=18"}],"version-history":[{"count":22,"href":"https:\/\/kirvit.com\/vf\/wp-json\/wp\/v2\/pages\/18\/revisions"}],"predecessor-version":[{"id":1795,"href":"https:\/\/kirvit.com\/vf\/wp-json\/wp\/v2\/pages\/18\/revisions\/1795"}],"wp:attachment":[{"href":"https:\/\/kirvit.com\/vf\/wp-json\/wp\/v2\/media?parent=18"}],"curies":[{"name":"wp","href":"https:\/\/api.w.org\/{rel}","templated":true}]}}